{"id":75,"date":"2013-11-09T15:20:47","date_gmt":"2013-11-09T15:20:47","guid":{"rendered":"http:\/\/ldrc.artsrn.ualberta.ca\/?page_id=75"},"modified":"2023-01-15T22:04:48","modified_gmt":"2023-01-15T22:04:48","slug":"dene-su%c9%acine","status":"publish","type":"page","link":"https:\/\/ldrc.artsrn.ualberta.ca\/?page_id=75","title":{"rendered":"Dene Su\u026cin\u00e9"},"content":{"rendered":"<p><a href=\"http:\/\/ldrc.artsrn.ualberta.ca\/wp-content\/uploads\/2013\/11\/DeneSunlhine.jpg\"><img loading=\"lazy\" decoding=\"async\" class=\"alignnone size-medium wp-image-76 aligncenter\" alt=\"DeneSunlhine\" src=\"http:\/\/ldrc.artsrn.ualberta.ca\/wp-content\/uploads\/2013\/11\/DeneSunlhine-300x196.jpg\" width=\"300\" height=\"196\" \/><\/a><\/p>\n<ul>\n<li>belongs to the Athabaskan or Dene language family<\/li>\n<li>spoken by about 10,000 people in Northern Canada (Alberta, Saskatchewan, Manitoba and the Northwest Territories) in a variety of dialects<\/li>\n<li>it is the second-largest language in the Athabaskan family after Navaho<\/li>\n<li>the fourth-largest Indigenous language in Canada, after Cree, Ojibwe, and Inuktitut<\/li>\n<li>in many comunities children are not acquiring the language, so Dene S\u0173\u0142in\u00e9&#8217;s continued survival is threatened<\/li>\n<li>the name of the language is made up of the word Dene meaning \u2018person\u2019 or \u2018people\u2019 and S\u0173\u0142in\u00e9 meaning \u2018authentic\u2019 or \u2018original\u2019<\/li>\n<\/ul>\n<p>Links<\/p>\n<p style=\"padding-left: 30px;\"><a href=\"http:\/\/clfns.com\">Cold Lake First Nation<\/a><\/p>\n","protected":false},"excerpt":{"rendered":"<p>belongs to the Athabaskan or Dene language family spoken by about 10,000 people in Northern Canada (Alberta, Saskatchewan, Manitoba and the Northwest Territories) in a variety of dialects it is the second-largest language in the Athabaskan family after Navaho the &hellip; <a href=\"https:\/\/ldrc.artsrn.ualberta.ca\/?page_id=75\">Continue reading <span class=\"meta-nav\">&rarr;<\/span><\/a><\/p>\n","protected":false},"author":1,"featured_media":0,"parent":95,"menu_order":0,"comment_status":"closed","ping_status":"closed","template":"","meta":{"footnotes":""},"class_list":["post-75","page","type-page","status-publish","hentry"],"_links":{"self":[{"href":"https:\/\/ldrc.artsrn.ualberta.ca\/index.php?rest_route=\/wp\/v2\/pages\/75","targetHints":{"allow":["GET"]}}],"collection":[{"href":"https:\/\/ldrc.artsrn.ualberta.ca\/index.php?rest_route=\/wp\/v2\/pages"}],"about":[{"href":"https:\/\/ldrc.artsrn.ualberta.ca\/index.php?rest_route=\/wp\/v2\/types\/page"}],"author":[{"embeddable":true,"href":"https:\/\/ldrc.artsrn.ualberta.ca\/index.php?rest_route=\/wp\/v2\/users\/1"}],"replies":[{"embeddable":true,"href":"https:\/\/ldrc.artsrn.ualberta.ca\/index.php?rest_route=%2Fwp%2Fv2%2Fcomments&post=75"}],"version-history":[{"count":2,"href":"https:\/\/ldrc.artsrn.ualberta.ca\/index.php?rest_route=\/wp\/v2\/pages\/75\/revisions"}],"predecessor-version":[{"id":840,"href":"https:\/\/ldrc.artsrn.ualberta.ca\/index.php?rest_route=\/wp\/v2\/pages\/75\/revisions\/840"}],"up":[{"embeddable":true,"href":"https:\/\/ldrc.artsrn.ualberta.ca\/index.php?rest_route=\/wp\/v2\/pages\/95"}],"wp:attachment":[{"href":"https:\/\/ldrc.artsrn.ualberta.ca\/index.php?rest_route=%2Fwp%2Fv2%2Fmedia&parent=75"}],"curies":[{"name":"wp","href":"https:\/\/api.w.org\/{rel}","templated":true}]}}